{"id":8,"date":"2020-08-31T14:39:09","date_gmt":"2020-08-31T12:39:09","guid":{"rendered":"http:\/\/burgertortilla.com\/fr\/?page_id=8"},"modified":"2021-04-10T12:28:15","modified_gmt":"2021-04-10T10:28:15","slug":"accueil","status":"publish","type":"page","link":"https:\/\/burgertortilla.com\/fr\/","title":{"rendered":"Burger &#038; Tortilla"},"content":{"rendered":"\n<p style=\"font-family:Montserrat; size: 22pt; color: #FFF;\">Duo intimiste, Burger &amp; Tortilla m\u00ealent douceur et sensibilit\u00e9 au fil de compositions aux sonorit\u00e9s folk et d&rsquo;Am\u00e9rique latine.<\/br><\/br>\n\n\n\nEn anglais ou en espagnol, la voix se fait tour \u00e0 tour caressante, pos\u00e9e sur des arp\u00e8ges d\u00e9licats, puis plus enveloppante, enracin\u00e9e dans des accords plus rythm\u00e9s. Un duo bariol\u00e9, tout en complicit\u00e9 et en sourires, leur d\u00e9sir est de vous toucher droit au coeur\u2026<\/br><\/br>\n\n\n\n<em><b>\u00ab\u00a0Nous composons la plupart de nos morceaux de pair, mais certains textes nous sont offerts par des auteurs proches de notre univers artistique, notamment les titres en espagnol.\u00a0\u00bb<\/em><\/b><\/br><\/br>\n\n\n\n<p>C\u2019est en 2016 qu\u2019Isabel (Tortilla) laisse derri\u00e8re elle la revue du Trocad\u00e9ro de Li\u00e8ge dans laquelle elle chante depuis 6 ann\u00e9es. Emerson (Burger) lui, quitte le groupe Pestifer (2 albums sur label ; 3 tourn\u00e9es en Europe) o\u00f9 il compose et assure la guitare, pour se consacrer \u00e0 un nouveau projet acoustique. \u201cBurger &amp; Tortilla\u201d \u00e9tait n\u00e9.<\/p>\n\n\n\nLe duo mat\u00e9rialise leur complicit\u00e9 dans une forme folk teint\u00e9e des couleurs d\u2019Am\u00e9rique latine, guitare espagnole oblige. Avec une guitare nourrie des rythmes d\u2019Abel Fleury autant que de Merle Travis et une voix au confluent d\u2019Anneke Van Giersbergen et Luz Casal, les connaisseurs y reconna\u00eetront leur go\u00fbt pour le jazz et les com\u00e9dies musicales, imprim\u00e9 jusque dans leurs costumes comme si le Chapelier de Lewis Caroll campait dans l\u2019atelier de la Casa Azul.<\/p>\n","protected":false},"excerpt":{"rendered":"<p>Duo intimiste, Burger &amp; Tortilla m\u00ealent douceur et sensibilit\u00e9 au fil de compositions aux sonorit\u00e9s folk et d&rsquo;Am\u00e9rique latine. En anglais ou en espagnol, la voix se fait tour \u00e0 tour caressante, pos\u00e9e sur des arp\u00e8ges d\u00e9licats, puis plus enveloppante, <a class=\"more-link\" href=\"https:\/\/burgertortilla.com\/fr\/\">Lire plus\u00a0\u2026<\/a><\/p>\n","protected":false},"author":1,"featured_media":0,"parent":0,"menu_order":0,"comment_status":"closed","ping_status":"closed","template":"","meta":{"footnotes":""},"_links":{"self":[{"href":"https:\/\/burgertortilla.com\/fr\/index.php\/wp-json\/wp\/v2\/pages\/8"}],"collection":[{"href":"https:\/\/burgertortilla.com\/fr\/index.php\/wp-json\/wp\/v2\/pages"}],"about":[{"href":"https:\/\/burgertortilla.com\/fr\/index.php\/wp-json\/wp\/v2\/types\/page"}],"author":[{"embeddable":true,"href":"https:\/\/burgertortilla.com\/fr\/index.php\/wp-json\/wp\/v2\/users\/1"}],"replies":[{"embeddable":true,"href":"https:\/\/burgertortilla.com\/fr\/index.php\/wp-json\/wp\/v2\/comments?post=8"}],"version-history":[{"count":15,"href":"https:\/\/burgertortilla.com\/fr\/index.php\/wp-json\/wp\/v2\/pages\/8\/revisions"}],"predecessor-version":[{"id":71,"href":"https:\/\/burgertortilla.com\/fr\/index.php\/wp-json\/wp\/v2\/pages\/8\/revisions\/71"}],"wp:attachment":[{"href":"https:\/\/burgertortilla.com\/fr\/index.php\/wp-json\/wp\/v2\/media?parent=8"}],"curies":[{"name":"wp","href":"https:\/\/api.w.org\/{rel}","templated":true}]}}