{"id":95,"date":"2023-10-15T15:08:22","date_gmt":"2023-10-15T13:08:22","guid":{"rendered":"https:\/\/burgertortilla.com\/fr\/?page_id=95"},"modified":"2023-10-15T16:42:13","modified_gmt":"2023-10-15T14:42:13","slug":"video","status":"publish","type":"page","link":"https:\/\/burgertortilla.com\/fr\/index.php\/video\/","title":{"rendered":"Vid\u00e9o"},"content":{"rendered":"\n<div class=\"wp-block-group .add-remove-bottom-space is-layout-constrained wp-block-group-is-layout-constrained\"><div class=\"wp-block-group__inner-container\">\n<p>Luna Llena &#8211; court m\u00e9trage d&rsquo;Isabel Garcia Moya <\/p>\n\n\n\n<iframe loading=\"lazy\" width=\"560\" height=\"315\" src=\"https:\/\/www.youtube.com\/embed\/C9O2Ho1ju4o?si=rvD3fu5Bga7h0st4\" title=\"YouTube video player\" frameborder=\"0\" allow=\"accelerometer; autoplay; clipboard-write; encrypted-media; gyroscope; picture-in-picture; web-share\" allowfullscreen=\"\"><\/iframe>\n<\/div><\/div>\n\n\n\n<p>   <\/p>\n\n\n\n<p><\/p>\n\n\n\n<div class=\"wp-block-group .add-remove-bottom-space is-layout-constrained wp-block-group-is-layout-constrained\"><div class=\"wp-block-group__inner-container\">\n<p>Eve &#8211; enregistrement au Wood Studio par Johann Spitz (son) et Roberto Savo (images)<\/p>\n<\/div><\/div>\n\n\n\n<iframe loading=\"lazy\" width=\"560\" height=\"315\" src=\"https:\/\/www.youtube.com\/embed\/6u-f9oar77s?si=HN0qZxuWUvAIG8lV\" title=\"YouTube video player\" frameborder=\"0\" allow=\"accelerometer; autoplay; clipboard-write; encrypted-media; gyroscope; picture-in-picture; web-share\" allowfullscreen><\/iframe>\n\n\n\n<p><\/p>\n\n\n\n<p><\/p>\n\n\n\n<p><\/p>\n\n\n\n<p><\/p>\n\n\n\n<p>Amarilla &#8211; clip vid\u00e9o r\u00e9alis\u00e9 par Roberto Savo<\/p>\n\n\n\n<iframe loading=\"lazy\" width=\"560\" height=\"315\" src=\"https:\/\/www.youtube.com\/embed\/e-fFpRoB4DM?si=LukkLDtZk2jhcMT8\" title=\"YouTube video player\" frameborder=\"0\" allow=\"accelerometer; autoplay; clipboard-write; encrypted-media; gyroscope; picture-in-picture; web-share\" allowfullscreen><\/iframe>\n\n\n\n<p><\/p>\n\n\n\n<p><\/p>\n\n\n\n<p><\/p>\n\n\n\n<p><\/p>\n\n\n\n<p>Sleep Well &#8211; Live au Pot-au-Lait, captation par Balkan Burger<\/p>\n\n\n\n<iframe loading=\"lazy\" width=\"560\" height=\"315\" src=\"https:\/\/www.youtube.com\/embed\/16KZD4A9bqM?si=ZjgTUFe6tYT-wwTX\" title=\"YouTube video player\" frameborder=\"0\" allow=\"accelerometer; autoplay; clipboard-write; encrypted-media; gyroscope; picture-in-picture; web-share\" allowfullscreen><\/iframe>\n","protected":false},"excerpt":{"rendered":"<p>Luna Llena &#8211; court m\u00e9trage d&rsquo;Isabel Garcia Moya Eve &#8211; enregistrement au Wood Studio par Johann Spitz (son) et Roberto Savo (images) Amarilla &#8211; clip vid\u00e9o r\u00e9alis\u00e9 par Roberto Savo Sleep Well &#8211; Live au Pot-au-Lait, captation par Balkan Burger<\/p>\n","protected":false},"author":1,"featured_media":0,"parent":0,"menu_order":0,"comment_status":"closed","ping_status":"closed","template":"","meta":{"footnotes":""},"_links":{"self":[{"href":"https:\/\/burgertortilla.com\/fr\/index.php\/wp-json\/wp\/v2\/pages\/95"}],"collection":[{"href":"https:\/\/burgertortilla.com\/fr\/index.php\/wp-json\/wp\/v2\/pages"}],"about":[{"href":"https:\/\/burgertortilla.com\/fr\/index.php\/wp-json\/wp\/v2\/types\/page"}],"author":[{"embeddable":true,"href":"https:\/\/burgertortilla.com\/fr\/index.php\/wp-json\/wp\/v2\/users\/1"}],"replies":[{"embeddable":true,"href":"https:\/\/burgertortilla.com\/fr\/index.php\/wp-json\/wp\/v2\/comments?post=95"}],"version-history":[{"count":6,"href":"https:\/\/burgertortilla.com\/fr\/index.php\/wp-json\/wp\/v2\/pages\/95\/revisions"}],"predecessor-version":[{"id":113,"href":"https:\/\/burgertortilla.com\/fr\/index.php\/wp-json\/wp\/v2\/pages\/95\/revisions\/113"}],"wp:attachment":[{"href":"https:\/\/burgertortilla.com\/fr\/index.php\/wp-json\/wp\/v2\/media?parent=95"}],"curies":[{"name":"wp","href":"https:\/\/api.w.org\/{rel}","templated":true}]}}